{"id":21,"date":"2022-02-02T11:03:46","date_gmt":"2022-02-02T11:03:46","guid":{"rendered":"https:\/\/jaspilite.com\/?page_id=21"},"modified":"2022-04-14T16:22:07","modified_gmt":"2022-04-14T16:22:07","slug":"about-us","status":"publish","type":"page","link":"https:\/\/jaspilite.com\/tr\/about-us\/","title":{"rendered":"Bizim hakk\u0131m\u0131zda"},"content":{"rendered":"<p>Sitemiz, bu yenilik\u00e7i oyuncaklar\u0131, kitaplar\u0131 ve harika hediyeleri ke\u015ffetme konusunda uzmanla\u015fm\u0131\u015f bir bilgi sitesidir.<\/p>\n<p>Trend hediyeler ve ilgin\u00e7 oyuncaklarla ilgilenen insanlar i\u00e7in se\u00e7kin bir rehber olma hedefiyle kavramsalla\u015ft\u0131r\u0131ld\u0131.<\/p>\n<p><em><strong>Blog, Yenilik\u00e7i Oyuncaklar ve Hediyeler\u2019deki<\/strong><\/em>\u00a0en son trendler hakk\u0131nda klasik ipu\u00e7lar\u0131 ve faydal\u0131 bilgiler i\u00e7eriyor<\/p>\n","protected":false},"excerpt":{"rendered":"<p>Sitemiz, bu yenilik\u00e7i oyuncaklar\u0131, kitaplar\u0131 ve harika hediyeleri ke\u015ffetme konusunda uzmanla\u015fm\u0131\u015f bir bilgi sitesidir. Trend hediyeler ve ilgin\u00e7 oyuncaklarla ilgilenen insanlar i\u00e7in se\u00e7kin bir rehber olma hedefiyle kavramsalla\u015ft\u0131r\u0131ld\u0131. Blog, Yenilik\u00e7i&hellip;<\/p>\n","protected":false},"author":1,"featured_media":0,"parent":0,"menu_order":0,"comment_status":"closed","ping_status":"closed","template":"","meta":{"footnotes":""},"class_list":["post-21","page","type-page","status-publish"],"_links":{"self":[{"href":"https:\/\/jaspilite.com\/tr\/wp-json\/wp\/v2\/pages\/21","targetHints":{"allow":["GET"]}}],"collection":[{"href":"https:\/\/jaspilite.com\/tr\/wp-json\/wp\/v2\/pages"}],"about":[{"href":"https:\/\/jaspilite.com\/tr\/wp-json\/wp\/v2\/types\/page"}],"author":[{"embeddable":true,"href":"https:\/\/jaspilite.com\/tr\/wp-json\/wp\/v2\/users\/1"}],"replies":[{"embeddable":true,"href":"https:\/\/jaspilite.com\/tr\/wp-json\/wp\/v2\/comments?post=21"}],"version-history":[{"count":5,"href":"https:\/\/jaspilite.com\/tr\/wp-json\/wp\/v2\/pages\/21\/revisions"}],"predecessor-version":[{"id":418,"href":"https:\/\/jaspilite.com\/tr\/wp-json\/wp\/v2\/pages\/21\/revisions\/418"}],"wp:attachment":[{"href":"https:\/\/jaspilite.com\/tr\/wp-json\/wp\/v2\/media?parent=21"}],"curies":[{"name":"wp","href":"https:\/\/api.w.org\/{rel}","templated":true}]}}