{"id":26,"date":"2022-02-02T11:07:44","date_gmt":"2022-02-02T11:07:44","guid":{"rendered":"https:\/\/jaspilite.com\/?page_id=26"},"modified":"2022-02-24T17:58:31","modified_gmt":"2022-02-24T17:58:31","slug":"cookies-policy","status":"publish","type":"page","link":"https:\/\/jaspilite.com\/tr\/cookies-policy\/","title":{"rendered":"\u00c7erezler politikas\u0131"},"content":{"rendered":"<h3 class=\"entry-title\">Ge\u00e7erlilik: 22 \u015eubat 2022<\/h3>\n<p>\u00c7erez, bir web sunucusu taraf\u0131ndan bir web taray\u0131c\u0131s\u0131na g\u00f6nderilen ve taray\u0131c\u0131 taraf\u0131ndan saklanan bir tan\u0131mlay\u0131c\u0131 (harf ve say\u0131 dizisi) i\u00e7eren bir dosyad\u0131r.\u00a0Tan\u0131mlay\u0131c\u0131 daha sonra taray\u0131c\u0131 sunucudan bir sayfa istedi\u011finde sunucuya geri g\u00f6nderilir.\u00a0\u00c7erezler, &#8220;kal\u0131c\u0131&#8221; \u00e7erezler veya &#8220;oturum&#8221; \u00e7erezleri olabilir: kal\u0131c\u0131 bir \u00e7erez, bir web taray\u0131c\u0131s\u0131 taraf\u0131ndan saklan\u0131r ve son kullanma tarihinden \u00f6nce kullan\u0131c\u0131 taraf\u0131ndan silinmedi\u011fi s\u00fcrece, belirlenen son kullanma tarihine kadar ge\u00e7erli kal\u0131r;\u00a0bir oturum \u00e7erezi ise, web taray\u0131c\u0131s\u0131 kapat\u0131ld\u0131\u011f\u0131nda, kullan\u0131c\u0131 oturumunun sonunda sona erecektir.\u00a0\u00c7erezler tipik olarak bir kullan\u0131c\u0131y\u0131 ki\u015fisel olarak tan\u0131mlayan herhangi bir bilgi i\u00e7ermez, ancak sizin hakk\u0131n\u0131zda saklad\u0131\u011f\u0131m\u0131z ki\u015fisel bilgiler, \u00e7erezlerde saklanan ve \u00e7erezlerden elde edilen bilgilerle ba\u011flant\u0131l\u0131 olabilir.<\/p>\n<p>&nbsp;<\/p>\n<p><strong>\u00c7EREZ KULLANIMIMIZ<\/strong><\/p>\n<p>\u00c7erezleri a\u015fa\u011f\u0131daki ama\u00e7lar i\u00e7in kullan\u0131yoruz:<\/p>\n<p>(a) kimlik do\u011frulama \u2013 web sitemizi ziyaret etti\u011finizde ve web sitemizde gezinirken sizi tan\u0131mlamak i\u00e7in tan\u0131mlama bilgileri kullan\u0131r\u0131z;<\/p>\n<p>(b) durum \u2013 web sitemizde oturum a\u00e7\u0131p a\u00e7mad\u0131\u011f\u0131n\u0131z\u0131 belirlememize yard\u0131mc\u0131 olmas\u0131 i\u00e7in \u00e7erezleri kullan\u0131r\u0131z;<\/p>\n<p>(c) ki\u015fiselle\u015ftirme \u2013 tercihleriniz hakk\u0131nda bilgi depolamak ve web sitesini sizin i\u00e7in ki\u015fiselle\u015ftirmek i\u00e7in \u00e7erezleri kullan\u0131yoruz;<\/p>\n<p>(d) g\u00fcvenlik \u2013 \u00e7erezleri, oturum a\u00e7ma kimlik bilgilerinin sahte kullan\u0131m\u0131n\u0131 \u00f6nlemek de dahil olmak \u00fczere kullan\u0131c\u0131 hesaplar\u0131n\u0131 korumak ve genel olarak web sitemizi ve hizmetlerimizi korumak i\u00e7in kullan\u0131lan g\u00fcvenlik \u00f6nlemlerinin bir unsuru olarak kullan\u0131yoruz.<\/p>\n<p>(e) reklam \u2013 sizinle ilgili olacak reklamlar\u0131 g\u00f6stermemize yard\u0131mc\u0131 olmas\u0131 i\u00e7in \u00e7erezleri kullan\u0131yoruz;\u00a0ve<\/p>\n<p>(f) analiz \u2013 web sitemizin ve hizmetlerimizin kullan\u0131m\u0131n\u0131 ve performans\u0131n\u0131 analiz etmemize yard\u0131mc\u0131 olmas\u0131 i\u00e7in \u00e7erezleri kullan\u0131r\u0131z;<\/p>\n<p>Web sitemizin kullan\u0131m\u0131n\u0131 analiz etmek i\u00e7in Google Analytics kullan\u0131yoruz.\u00a0Google Analytics, \u00e7erezler arac\u0131l\u0131\u011f\u0131yla web sitesi kullan\u0131m\u0131 hakk\u0131nda bilgi toplar.\u00a0Web sitemizle ilgili olarak toplanan bilgiler, web sitemizin kullan\u0131m\u0131 hakk\u0131nda raporlar olu\u015fturmak i\u00e7in kullan\u0131l\u0131r.\u00a0Google&#8217;\u0131n gizlilik politikas\u0131 \u015fu adreste mevcuttur:\u00a0\u00a0<a href=\"https:\/\/translate.google.com\/website?sl=en&amp;tl=tr&amp;hl=en&amp;client=webapp&amp;u=https:\/\/www.google.com\/policies\/privacy\/\"><strong>https:\/\/www.google.com\/policies\/privacy\/<\/strong><\/a><\/p>\n<p>\u00c7o\u011fu taray\u0131c\u0131, \u00e7erezleri kabul etmeyi reddetmenize ve \u00e7erezleri silmenize izin verir.<\/p>\n<p>\u00c7erezleri engellemenin, Sitemiz de dahil olmak \u00fczere bir\u00e7ok web sitesinin i\u015flevleri \u00fczerinde olumsuz bir etkisi olabilece\u011fini l\u00fctfen unutmay\u0131n.\u00a0Sitenin baz\u0131 \u00f6zellikleri art\u0131k size sunulmayabilir.<\/p>\n<p>Toplanan verilerden baz\u0131lar\u0131, toplu olarak birle\u015ftirilen ve sizi bir birey olarak tan\u0131mlamayan anonim veriler olabilir.<\/p>\n<p><strong>\u0130nternet Reklamc\u0131l\u0131\u011f\u0131 i\u00e7in \u00c7erezler<\/strong><\/p>\n<p>Di\u011fer \u00e7evrimi\u00e7i reklam a\u011flar\u0131 gibi, tan\u0131mlama bilgileri, web i\u015faret\u00e7ileri (eylem etiketleri veya tek pikselli gifler olarak da bilinir) ve di\u011fer teknolojileri (topluca &#8220;\u00e7erezler&#8221;) kullan\u0131r\u0131z.\u00a0\u00c7erezler, hangi reklamlar\u0131 g\u00f6rd\u00fc\u011f\u00fcn\u00fcz\u00fc, hangi reklamlar\u0131 t\u0131klad\u0131\u011f\u0131n\u0131z\u0131 ve sitelerimizde ve di\u011fer sitelerde ger\u00e7ekle\u015ftirdi\u011finiz di\u011fer i\u015flemleri \u00f6\u011frenmemizi sa\u011flar.\u00a0Bu, size daha faydal\u0131 ve alakal\u0131 reklamlar sunmam\u0131z\u0131 sa\u011flar.\u00a0\u00d6rne\u011fin, size hangi reklamlar\u0131n g\u00f6sterildi\u011fini biliyorsak, size ayn\u0131 reklamlar\u0131 tekrar tekrar g\u00f6stermemeye dikkat edebiliriz.<\/p>\n<p>Size ilgi alan\u0131na dayal\u0131 reklamlar sunarken, ba\u011fl\u0131 olmayan sitelerle etkile\u015fiminizi kimli\u011finizle ili\u015fkilendirmiyoruz.<\/p>\n<p>Reklamc\u0131lara veya ilgi alan\u0131na dayal\u0131 reklamlar\u0131m\u0131z\u0131 g\u00f6r\u00fcnt\u00fcleyen \u00fc\u00e7\u00fcnc\u00fc taraf sitelere herhangi bir ki\u015fisel bilgi sa\u011flam\u0131yoruz.\u00a0Ancak, reklamc\u0131lar ve di\u011fer \u00fc\u00e7\u00fcnc\u00fc taraflar (kullanabilecekleri reklam a\u011flar\u0131, reklam sunan \u015firketler ve di\u011fer hizmet sa\u011flay\u0131c\u0131lar dahil), ki\u015fiselle\u015ftirilmi\u015f bir reklam veya i\u00e7erikle etkile\u015fime giren veya bu reklam\u0131 t\u0131klayan kullan\u0131c\u0131lar\u0131n, reklam\u0131n yap\u0131ld\u0131\u011f\u0131 grubun bir par\u00e7as\u0131 oldu\u011funu varsayabilir. veya i\u00e7erik (\u00f6rne\u011fin, belirli bir co\u011frafi alandaki kullan\u0131c\u0131lar veya klasik m\u00fczik sat\u0131n alan veya bu m\u00fcziklere g\u00f6z atan kullan\u0131c\u0131lara) y\u00f6neliktir.\u00a0Ayr\u0131ca, baz\u0131 \u00fc\u00e7\u00fcnc\u00fc taraflar, size daha alakal\u0131 ve faydal\u0131 reklamlar sunmak i\u00e7in kullanabilece\u011fimiz \u00e7evrimd\u0131\u015f\u0131 ve \u00e7evrimi\u00e7i kaynaklardan sizinle ilgili bilgileri (demografik bilgiler veya size reklam g\u00f6sterilen siteler gibi) sa\u011flayabilir.<\/p>\n<p>\u00dc\u00e7\u00fcnc\u00fc taraf reklamc\u0131lar veya onlar ad\u0131na \u00e7al\u0131\u015fan reklam \u015firketleri, sitelerimizde g\u00f6r\u00fcnen reklamlar\u0131 do\u011frudan taray\u0131c\u0131n\u0131za sunmak i\u00e7in bazen teknolojiyi kullan\u0131r.\u00a0Bu oldu\u011funda otomatik olarak IP adresinizi al\u0131rlar.\u00a0Ayr\u0131ca, reklamlar\u0131n\u0131n etkinli\u011fini \u00f6l\u00e7mek ve reklam i\u00e7eri\u011fini ki\u015fiselle\u015ftirmek i\u00e7in \u00e7erezleri kullanabilirler.\u00a0Reklamc\u0131lar\u0131n ve \u00fc\u00e7\u00fcnc\u00fc taraf sitelerin kullanabilece\u011fi \u00e7erezlere veya di\u011fer \u00f6zelliklere eri\u015fimimiz veya bunlar \u00fczerinde kontrol\u00fcm\u00fcz yoktur ve bu reklamc\u0131lar\u0131n ve \u00fc\u00e7\u00fcnc\u00fc taraf web sitelerinin bilgi uygulamalar\u0131, Gizlilik Bildirimimiz veya bu \u00c7erezler ve \u0130nternet Reklamc\u0131l\u0131\u011f\u0131 sayfas\u0131 kapsam\u0131nda de\u011fildir.\u00a0Gizlilik uygulamalar\u0131 hakk\u0131nda daha fazla bilgi i\u00e7in l\u00fctfen do\u011frudan onlarla ileti\u015fime ge\u00e7in.<\/p>\n<p><strong>Google Adsense i\u00e7in \u00c7erezler<\/strong><\/p>\n<p>Ayr\u0131ca bu web sitesinde Google Adsense ilgi alan\u0131na dayal\u0131 reklamlar yay\u0131nlama hakk\u0131m\u0131z sakl\u0131d\u0131r.\u00a0Bunlar, ilgi alanlar\u0131n\u0131z\u0131 yans\u0131tacak \u015fekilde Google taraf\u0131ndan uyarlanm\u0131\u015ft\u0131r.\u00a0\u0130lgi alanlar\u0131n\u0131z\u0131 belirlemek i\u00e7in Google, \u00e7erezleri kullanarak davran\u0131\u015f\u0131n\u0131z\u0131 web&#8217;de izleyecektir.\u00a0http:\/\/www.google.com\/ads\/preferences\/ adresinde bulunan Google&#8217;\u0131n Reklam Tercih Y\u00f6neticisi&#8217;ni kullanarak taray\u0131c\u0131n\u0131zla ili\u015fkili ilgi alan\u0131 kategorilerini g\u00f6r\u00fcnt\u00fcleyebilir, silebilir veya ekleyebilirsiniz.\u00a0Ayr\u0131ca, Adsense i\u015f orta\u011f\u0131 a\u011f\u0131 \u00e7erezini http:\/\/www.google.com\/privacy_ads.html adresinden devre d\u0131\u015f\u0131 b\u0131rakabilirsiniz.\u00a0Ancak, bu devre d\u0131\u015f\u0131 b\u0131rakma mekanizmas\u0131 bir \u00e7erez kullan\u0131r ve \u00e7erezleri taray\u0131c\u0131n\u0131zdan temizlerseniz, devre d\u0131\u015f\u0131 b\u0131rakma i\u015fleminiz s\u00fcrd\u00fcr\u00fclmez.\u00a0Belirli bir taray\u0131c\u0131yla ilgili olarak bir devre d\u0131\u015f\u0131 b\u0131rakman\u0131n s\u00fcrd\u00fcr\u00fclmesini sa\u011flamak i\u00e7in, \u015fu adreste bulunan Google taray\u0131c\u0131 eklentisini kullanmal\u0131s\u0131n\u0131z: http:\/\/www.google.com\/ads\/preferences\/plugin.<\/p>\n<p><strong>Di\u011fer \u00fc\u00e7\u00fcnc\u00fc taraf \u00e7erezleri<\/strong><\/p>\n<p>Bu web sitesini kulland\u0131\u011f\u0131n\u0131zda, a\u015fa\u011f\u0131daki ama\u00e7larla kullan\u0131labilecek di\u011fer baz\u0131 \u00fc\u00e7\u00fcnc\u00fc taraf \u00e7erezleri de size g\u00f6nderilebilir:<\/p>\n<p>lPerformansa dayal\u0131<br \/>\nl co\u011frafi konum ve kullan\u0131lan cihaz<br \/>\nl taray\u0131c\u0131 ve dil tercihleri<\/p>\n<p><strong>\u00c7erezleri reddetme<\/strong><\/p>\n<p>\u00c7o\u011fu taray\u0131c\u0131, \u00e7erezleri kabul etmeyi reddetmenize izin verir.<\/p>\n<p>Internet Explorer&#8217;da, &#8220;Ara\u00e7lar&#8221;, &#8220;\u0130nternet Se\u00e7enekleri&#8221;, &#8220;Gizlilik&#8221; \u00f6\u011felerini t\u0131klatarak ve kayan se\u00e7iciyi kullanarak &#8220;T\u00fcm \u00e7erezleri engelle&#8221;yi se\u00e7erek t\u00fcm \u00e7erezleri reddedebilirsiniz.<\/p>\n<p>Firefox&#8217;ta &#8220;Ara\u00e7lar&#8221;, &#8220;Se\u00e7enekler&#8221; ve &#8220;Gizlilik&#8221; \u00f6\u011felerine t\u0131klayarak \u00e7erez ayarlar\u0131n\u0131z\u0131 yapabilirsiniz.<\/p>\n<p>\u00c7erezlerin engellenmesi, baz\u0131 web sitelerinin kullan\u0131labilirli\u011fi \u00fczerinde olumsuz bir etkiye sahip olacakt\u0131r.<\/p>\n<p>&nbsp;<\/p>\n<p>Bu sitedeki se\u00e7imleriniz sadece bu site i\u00e7in uygulanacakt\u0131r.\u00a0<span class=\"goog-text-highlight\">Bu sitenin\u00a0<\/span><u><span class=\"goog-text-highlight\">Gizlilik Politikas\u0131<\/span><\/u><span class=\"goog-text-highlight\">\u00a0sayfas\u0131na giderek, izninizi geri \u00e7ekmek i\u00e7in mevcut ad\u0131mlar da dahil olmak \u00fczere ayarlar\u0131n\u0131z\u0131 istedi\u011finiz zaman de\u011fi\u015ftirebilirsiniz\u00a0 .<\/span><\/p>\n","protected":false},"excerpt":{"rendered":"<p>Ge\u00e7erlilik: 22 \u015eubat 2022 \u00c7erez, bir web sunucusu taraf\u0131ndan bir web taray\u0131c\u0131s\u0131na g\u00f6nderilen ve taray\u0131c\u0131 taraf\u0131ndan saklanan bir tan\u0131mlay\u0131c\u0131 (harf ve say\u0131 dizisi) i\u00e7eren bir dosyad\u0131r.\u00a0Tan\u0131mlay\u0131c\u0131 daha sonra taray\u0131c\u0131 sunucudan&hellip;<\/p>\n","protected":false},"author":1,"featured_media":0,"parent":0,"menu_order":0,"comment_status":"closed","ping_status":"closed","template":"","meta":{"footnotes":""},"class_list":["post-26","page","type-page","status-publish"],"_links":{"self":[{"href":"https:\/\/jaspilite.com\/tr\/wp-json\/wp\/v2\/pages\/26","targetHints":{"allow":["GET"]}}],"collection":[{"href":"https:\/\/jaspilite.com\/tr\/wp-json\/wp\/v2\/pages"}],"about":[{"href":"https:\/\/jaspilite.com\/tr\/wp-json\/wp\/v2\/types\/page"}],"author":[{"embeddable":true,"href":"https:\/\/jaspilite.com\/tr\/wp-json\/wp\/v2\/users\/1"}],"replies":[{"embeddable":true,"href":"https:\/\/jaspilite.com\/tr\/wp-json\/wp\/v2\/comments?post=26"}],"version-history":[{"count":4,"href":"https:\/\/jaspilite.com\/tr\/wp-json\/wp\/v2\/pages\/26\/revisions"}],"predecessor-version":[{"id":308,"href":"https:\/\/jaspilite.com\/tr\/wp-json\/wp\/v2\/pages\/26\/revisions\/308"}],"wp:attachment":[{"href":"https:\/\/jaspilite.com\/tr\/wp-json\/wp\/v2\/media?parent=26"}],"curies":[{"name":"wp","href":"https:\/\/api.w.org\/{rel}","templated":true}]}}